{"id":234,"date":"2016-01-29T13:03:47","date_gmt":"2016-01-29T13:03:47","guid":{"rendered":"http:\/\/biotox.de\/?page_id=234"},"modified":"2017-09-09T13:34:50","modified_gmt":"2017-09-09T13:34:50","slug":"imprint","status":"publish","type":"page","link":"https:\/\/biotox.de\/?page_id=234","title":{"rendered":"Imprint"},"content":{"rendered":"<p><b>Address\/Anschrift:<\/b><br \/>\nMartin Wagner<\/p>\n<div>Department of Biology<\/div>\n<div>Norwegian University of Science and\u00a0Technology (NTNU)<\/div>\n<div>NO-7491 Trondheim<\/div>\n<div>Norway<\/div>\n<p><b><\/b><strong>Disclaimer\/Haftung:<\/strong><br \/>\nDespite our attentive checks, we can not be held responsible for the content of external links. The owner of the linked page is solely responsible for their content.\u00a0All presented information may not be passed on or published in any way without permission of\u00a0Martin Wagner.<\/p>\n<p>Trotz sorgf\u00e4ltiger inhaltlicher Kontrolle \u00fcbernehmen wir keine Haftung f\u00fcr die Inhalte externer Links. F\u00fcr den Inhalt der verlinkten Seiten sind ausschlie\u00dflich deren Betreiber verantwortlich.\u00a0S\u00e4mtliche angebotenen Informationen d\u00fcrfen &#8211; auch auszugsweise &#8211; nur mit Genehmigung von Martin Wagner\u00a0weiterverbreitet oder anderweitig ver\u00f6ffentlicht werden.<\/p>\n<p><b>Responsible for the content corresponding to \u00a710 Abs. 3 MDStV.\/Verantwortlich f\u00fcr den Inhalt gem\u00e4\u00df \u00a7 5 TMG:<\/b><\/p>\n<p>Martin Wagner,\u00a0Department of Biology,\u00a0Norwegian University of Science and\u00a0Technology (NTNU),\u00a0NO-7491 Trondheim,\u00a0Norway<\/p>\n","protected":false},"excerpt":{"rendered":"<p>Address\/Anschrift: Martin Wagner Department of Biology Norwegian University of Science and\u00a0Technology (NTNU) NO-7491 Trondheim Norway Disclaimer\/Haftung: Despite our attentive checks, we can not be held responsible for the content of external links. The owner of the linked page is solely responsible for their content.\u00a0All presented information may not be passed on or published in any [&hellip;]<\/p>\n","protected":false},"author":1,"featured_media":0,"parent":0,"menu_order":0,"comment_status":"closed","ping_status":"closed","template":"","meta":{"_uag_custom_page_level_css":"","footnotes":""},"class_list":["post-234","page","type-page","status-publish","hentry"],"uagb_featured_image_src":{"full":false,"thumbnail":false,"medium":false,"medium_large":false,"large":false,"1536x1536":false,"2048x2048":false,"post-thumbnail":false,"twentytwenty-fullscreen":false},"uagb_author_info":{"display_name":"Martin","author_link":"https:\/\/biotox.de\/?author=1"},"uagb_comment_info":0,"uagb_excerpt":"Address\/Anschrift: Martin Wagner Department of Biology Norwegian University of Science and\u00a0Technology (NTNU) NO-7491 Trondheim Norway Disclaimer\/Haftung: Despite our attentive checks, we can not be held responsible for the content of external links. The owner of the linked page is solely responsible for their content.\u00a0All presented information may not be passed on or published in any&hellip;","_links":{"self":[{"href":"https:\/\/biotox.de\/index.php?rest_route=\/wp\/v2\/pages\/234","targetHints":{"allow":["GET"]}}],"collection":[{"href":"https:\/\/biotox.de\/index.php?rest_route=\/wp\/v2\/pages"}],"about":[{"href":"https:\/\/biotox.de\/index.php?rest_route=\/wp\/v2\/types\/page"}],"author":[{"embeddable":true,"href":"https:\/\/biotox.de\/index.php?rest_route=\/wp\/v2\/users\/1"}],"replies":[{"embeddable":true,"href":"https:\/\/biotox.de\/index.php?rest_route=%2Fwp%2Fv2%2Fcomments&post=234"}],"version-history":[{"count":4,"href":"https:\/\/biotox.de\/index.php?rest_route=\/wp\/v2\/pages\/234\/revisions"}],"predecessor-version":[{"id":420,"href":"https:\/\/biotox.de\/index.php?rest_route=\/wp\/v2\/pages\/234\/revisions\/420"}],"wp:attachment":[{"href":"https:\/\/biotox.de\/index.php?rest_route=%2Fwp%2Fv2%2Fmedia&parent=234"}],"curies":[{"name":"wp","href":"https:\/\/api.w.org\/{rel}","templated":true}]}}